{"id":5,"date":"2015-01-08T11:38:48","date_gmt":"2015-01-08T11:38:48","guid":{"rendered":"http:\/\/agacinfrastrutture.comune.re.it\/?page_id=5"},"modified":"2025-11-03T08:18:34","modified_gmt":"2025-11-03T08:18:34","slug":"home","status":"publish","type":"page","link":"https:\/\/agacinfrastrutture.comune.re.it\/","title":{"rendered":"home"},"content":{"rendered":"<div id=\"pl-5\"  class=\"panel-layout\" ><div id=\"pg-5-0\"  class=\"panel-grid panel-no-style\" ><div id=\"pgc-5-0-0\"  class=\"panel-grid-cell\" ><div id=\"panel-5-0-0-0\" class=\"so-panel widget widget_bootstrap_custom_menu bootstrapwidgetmenu panel-first-child\" data-index=\"0\" >        <div class=\"panel panel-default\">\n        <div class=\"panel-heading\">La societ\u00e0<\/div>            <div class=\"list-group\">\n        <a title=\"Soci\" class=\" menu-item menu-item-type-custom menu-item-object-custom menu-item-305 list-group-item\" href=\"https:\/\/agacinfrastrutture.comune.re.it\/wp-content\/uploads\/Elenco-soci.pdf\">Soci<\/a><\/li>\n<a title=\"Statuto\" class=\" menu-item menu-item-type-post_type menu-item-object-page menu-item-444 list-group-item\" href=\"https:\/\/agacinfrastrutture.comune.re.it\/?page_id=17\">Statuto<\/a><\/li>\n<a title=\"Atti amministrativi generali\" class=\" menu-item menu-item-type-post_type menu-item-object-page menu-item-110 list-group-item\" href=\"https:\/\/agacinfrastrutture.comune.re.it\/?page_id=108\">Atti amministrativi generali<\/a><\/li>\n<a title=\"Telefono e posta elettronica\" class=\" menu-item menu-item-type-post_type menu-item-object-page menu-item-544 list-group-item\" href=\"https:\/\/agacinfrastrutture.comune.re.it\/?page_id=39\">Telefono e posta elettronica<\/a><\/li>\n<a title=\"Provvedimenti\" class=\" menu-item menu-item-type-post_type menu-item-object-page menu-item-717 list-group-item\" href=\"https:\/\/agacinfrastrutture.comune.re.it\/?page_id=280\">Provvedimenti<\/a><\/li>\n            <\/div>\n        <\/div>\n\n\n        <\/div><div id=\"panel-5-0-0-1\" class=\"so-panel widget widget_bootstrap_custom_menu bootstrapwidgetmenu panel-last-child\" data-index=\"1\" >        <div class=\"panel panel-default\">\n        <div class=\"panel-heading\">Societ\u00e0 trasparente<\/div>            <div class=\"list-group\">\n        <a title=\"Disposizioni generali\" class=\" menu-item menu-item-type-post_type menu-item-object-page menu-item-572 list-group-item\" href=\"https:\/\/agacinfrastrutture.comune.re.it\/?page_id=545\">Disposizioni generali<\/a><\/li>\n<a title=\"Organizzazione\" class=\" menu-item menu-item-type-post_type menu-item-object-page menu-item-576 list-group-item\" href=\"https:\/\/agacinfrastrutture.comune.re.it\/?page_id=547\">Organizzazione<\/a><\/li>\n<a title=\"Consulenti e collaboratori\" class=\" menu-item menu-item-type-post_type menu-item-object-page menu-item-582 list-group-item\" href=\"https:\/\/agacinfrastrutture.comune.re.it\/?page_id=577\">Consulenti e collaboratori<\/a><\/li>\n<a title=\"Personale\" class=\" menu-item menu-item-type-post_type menu-item-object-page menu-item-642 list-group-item\" href=\"https:\/\/agacinfrastrutture.comune.re.it\/?page_id=46\">Personale<\/a><\/li>\n<a title=\"Selezione del personale\" class=\" menu-item menu-item-type-post_type menu-item-object-page menu-item-586 list-group-item\" href=\"https:\/\/agacinfrastrutture.comune.re.it\/?page_id=583\">Selezione del personale<\/a><\/li>\n<a title=\"Performance\" class=\" menu-item menu-item-type-post_type menu-item-object-page menu-item-591 list-group-item\" href=\"https:\/\/agacinfrastrutture.comune.re.it\/?page_id=587\">Performance<\/a><\/li>\n<a title=\"Enti controllati\" class=\" menu-item menu-item-type-post_type menu-item-object-page menu-item-58 list-group-item\" href=\"https:\/\/agacinfrastrutture.comune.re.it\/?page_id=50\">Enti controllati<\/a><\/li>\n<a title=\"Attivit\u00e0 e procedimenti\" class=\" menu-item menu-item-type-post_type menu-item-object-page menu-item-59 list-group-item\" href=\"https:\/\/agacinfrastrutture.comune.re.it\/?page_id=52\">Attivit\u00e0 e procedimenti<\/a><\/li>\n<a title=\"Bandi di gara e contratti\" class=\" menu-item menu-item-type-post_type menu-item-object-page menu-item-69 list-group-item\" href=\"https:\/\/agacinfrastrutture.comune.re.it\/?page_id=64\">Bandi di gara e contratti<\/a><\/li>\n<a title=\"Sovvenzioni, contributi, sussidi, vantaggi economici\" class=\" menu-item menu-item-type-post_type menu-item-object-page menu-item-603 list-group-item\" href=\"https:\/\/agacinfrastrutture.comune.re.it\/?page_id=599\">Sovvenzioni, contributi, sussidi, vantaggi economici<\/a><\/li>\n<a title=\"Bilanci\" class=\" menu-item menu-item-type-post_type menu-item-object-page menu-item-612 list-group-item\" href=\"https:\/\/agacinfrastrutture.comune.re.it\/?page_id=604\">Bilanci<\/a><\/li>\n<a title=\"Beni immobili e gestione del patrimonio\" class=\" menu-item menu-item-type-post_type menu-item-object-page menu-item-514 list-group-item\" href=\"https:\/\/agacinfrastrutture.comune.re.it\/?page_id=512\">Beni immobili e gestione del patrimonio<\/a><\/li>\n<a title=\"Controlli e rilievi sull\u2019amministrazione\" class=\" menu-item menu-item-type-post_type menu-item-object-page menu-item-629 list-group-item\" href=\"https:\/\/agacinfrastrutture.comune.re.it\/?page_id=619\">Controlli e rilievi sull\u2019amministrazione<\/a><\/li>\n<a title=\"Servizi erogati\" class=\" menu-item menu-item-type-post_type menu-item-object-page menu-item-63 list-group-item\" href=\"https:\/\/agacinfrastrutture.comune.re.it\/?page_id=61\">Servizi erogati<\/a><\/li>\n<a title=\"Pagamenti\" class=\" menu-item menu-item-type-post_type menu-item-object-page menu-item-509 list-group-item\" href=\"https:\/\/agacinfrastrutture.comune.re.it\/?page_id=507\">Pagamenti<\/a><\/li>\n<a title=\"Opere Pubbliche\" class=\" menu-item menu-item-type-custom menu-item-object-custom menu-item-484 list-group-item\" href=\"https:\/\/openbdap.mef.gov.it\/BO\/OpenDocument?modalita=link&#038;docID=FgAUHFlfxgsAFwYAAACHAiUbeOO1D67w&#038;T=BusinessObject&#038;idType=CUID&#038;noDetailsPanel=true&#038;X_Ente=02153150350\">Opere Pubbliche<\/a><\/li>\n<a title=\"Informazioni ambientali\" class=\" menu-item menu-item-type-post_type menu-item-object-page menu-item-68 list-group-item\" href=\"https:\/\/agacinfrastrutture.comune.re.it\/?page_id=66\">Informazioni ambientali<\/a><\/li>\n<a title=\"Altri contenuti\" class=\" menu-item menu-item-type-post_type menu-item-object-page menu-item-639 list-group-item\" href=\"https:\/\/agacinfrastrutture.comune.re.it\/?page_id=634\">Altri contenuti<\/a><\/li>\n            <\/div>\n        <\/div>\n\n\n        <\/div><\/div><div id=\"pgc-5-0-1\"  class=\"panel-grid-cell\" ><div id=\"panel-5-0-1-0\" class=\"so-panel widget widget_black-studio-tinymce widget_black_studio_tinymce panel-first-child\" data-index=\"2\" ><div class=\"textwidget\"><p><strong>Agac Infrastrutture Spa<\/strong><\/p>\n<p>sede legale: Piazza Prampolini, 1 - 42121 Reggio Emilia<br \/>\nCF\/P.IVA 02153150350<\/p>\n<p><strong>Contatti<br \/>\n<\/strong>Indirizzo pec: <a href=\"mailto:agacinfrastrutture@legalmail.it\">agacinfrastrutture@legalmail.it<\/a><\/p>\n<p>Le attivit\u00e0 della societ\u00e0 sono la messa a disposizione delle reti, degli impianti, nonch\u00e9 delle dotazioni funzionali all'espletamento di servizi pubblici locali con particolare, ma non esclusivo riferimento al servizio idrico integrato e comunque ai servizi di captazione,adduzione e distribuzione di acqua ad usi civili, di fognatura, di depurazione delle acque reflue.<br \/>\nIdeazione, progettazione, realizzazione diretta e gestione di servizi del patrimonio dei Soci Pubblici, con particolare riguardo ad aspetti innovativi nei settori delle tecnologie e dell'energia e riguardo alla gestione di impianti, anche a rete, di infrastrutture, immobili e, pi\u00f9 in generale, di dotazioni patrimoniali e territoriali dei Soci Pubblici, funzionali alla erogazione di servizi esclusivamente in favore dei Soci pubblici stessi.<\/p>\n<\/div><\/div><div id=\"panel-5-0-1-1\" class=\"so-panel widget widget_sow-image panel-last-child\" data-index=\"3\" ><div\n\t\t\t\n\t\t\tclass=\"so-widget-sow-image so-widget-sow-image-default-8b5b6f678277-5\"\n\t\t\t\n\t\t>\n<div class=\"sow-image-container\">\n\t\t<img \n\tsrc=\"https:\/\/agacinfrastrutture.comune.re.it\/wp-content\/uploads\/2015\/01\/Acqua-Grander2.jpg\" width=\"1200\" height=\"504\" srcset=\"https:\/\/agacinfrastrutture.comune.re.it\/wp-content\/uploads\/2015\/01\/Acqua-Grander2.jpg 1200w, https:\/\/agacinfrastrutture.comune.re.it\/wp-content\/uploads\/2015\/01\/Acqua-Grander2-300x126.jpg 300w, https:\/\/agacinfrastrutture.comune.re.it\/wp-content\/uploads\/2015\/01\/Acqua-Grander2-1024x430.jpg 1024w\" sizes=\"(max-width: 1200px) 100vw, 1200px\" title=\"L&#039;immagine rappresenta una goccia d&#039;acqua\" alt=\"L&#039;immagine rappresenta una goccia d&#039;acqua\" \t\tclass=\"so-widget-image\"\/>\n\t<\/div>\n\n<\/div><\/div><\/div><\/div><\/div>","protected":false},"excerpt":{"rendered":"<p>Agac Infrastrutture Spa sede legale: Piazza Prampolini, 1 &#8211; 42121 Reggio Emilia CF\/P.IVA 02153150350 Contatti Indirizzo pec: agacinfrastrutture@legalmail.it Le attivit\u00e0 della societ\u00e0 sono la messa a disposizione delle reti, degli impianti, nonch\u00e9 delle dotazioni funzionali all&#8217;espletamento di servizi pubblici locali con particolare, ma non esclusivo riferimento al servizio idrico integrato e comunque ai servizi di [&hellip;]<\/p>\n","protected":false},"author":1,"featured_media":0,"parent":0,"menu_order":0,"comment_status":"closed","ping_status":"closed","template":"home-page.php","meta":{"footnotes":""},"class_list":["post-5","page","type-page","status-publish","hentry"],"_links":{"self":[{"href":"https:\/\/agacinfrastrutture.comune.re.it\/index.php?rest_route=\/wp\/v2\/pages\/5","targetHints":{"allow":["GET"]}}],"collection":[{"href":"https:\/\/agacinfrastrutture.comune.re.it\/index.php?rest_route=\/wp\/v2\/pages"}],"about":[{"href":"https:\/\/agacinfrastrutture.comune.re.it\/index.php?rest_route=\/wp\/v2\/types\/page"}],"author":[{"embeddable":true,"href":"https:\/\/agacinfrastrutture.comune.re.it\/index.php?rest_route=\/wp\/v2\/users\/1"}],"replies":[{"embeddable":true,"href":"https:\/\/agacinfrastrutture.comune.re.it\/index.php?rest_route=%2Fwp%2Fv2%2Fcomments&post=5"}],"version-history":[{"count":44,"href":"https:\/\/agacinfrastrutture.comune.re.it\/index.php?rest_route=\/wp\/v2\/pages\/5\/revisions"}],"predecessor-version":[{"id":2207,"href":"https:\/\/agacinfrastrutture.comune.re.it\/index.php?rest_route=\/wp\/v2\/pages\/5\/revisions\/2207"}],"wp:attachment":[{"href":"https:\/\/agacinfrastrutture.comune.re.it\/index.php?rest_route=%2Fwp%2Fv2%2Fmedia&parent=5"}],"curies":[{"name":"wp","href":"https:\/\/api.w.org\/{rel}","templated":true}]}}